{"id":507,"date":"2023-07-26T06:58:36","date_gmt":"2023-07-26T06:58:36","guid":{"rendered":"https:\/\/mamatavatravel.com\/?post_type=product&#038;p=507"},"modified":"2023-10-19T18:03:40","modified_gmt":"2023-10-19T18:03:40","slug":"costa-oaxaquena","status":"publish","type":"product","link":"https:\/\/mamatavatravel.com\/en\/product\/costa-oaxaquena\/","title":{"rendered":"Oaxacan Coast in 1 Day"},"content":{"rendered":"<h2>Nature, culture and gastronomy in an unforgettable trip.<\/h2>\n<p><span style=\"color: #333333;\">We leave Puerto Escondido very early to head to our fist spot, the ecotouristic center of Ventanilla\na mangroves and wild life place, here you\u2019ll find turtles, herons of different types and the famous\nbig alligators, there is the magnetic sand beach of Ventanilla and an incredible sight of the a rock\nwith an arch. Next we\u2019ll head to Mazunte we\u2019ll stop a natural cosmetic shop, body lotion,\nshampoos all organic and made by Oaxacan WOMEN, then we\u2019ll head to the nudist beach of\nZipolite where you can swim or enjoy the history of nudism. For lunch time well head to Puerto\nAngel\u2019s bay, we\u2019ll arrive to a local restaurant where you\u2019ll learn about our coast gastronomy, to\nfinish up well visit the semi virgin crystalline waters of Estacahuite, this tour is interesting because\neach point is connected to 30 minutes and it is easy to visit this 5 wonders of the coast.<\/span><\/p>\n<p><span style=\"color: #333333;\">Approximate time is nine hours.<\/span><\/p>","protected":false},"excerpt":{"rendered":"<p>Naturaleza, cultura y gastronom\u00eda en un viaje inolvidable. Salimos muy temprano de Puerto Escondido para dirigirnos a nuestro primer punto, el centro ecotur\u00edstico Ventanilla un espacio de manglares y vida salvaje, aqu\u00ed encontraras tortugas, garzas de muchos tipos y los famosos enormes cocodrilos, adem\u00e1s de eso esta la playa de ventanilla que tiene una arena [&hellip;]<\/p>\n","protected":false},"featured_media":309,"comment_status":"open","ping_status":"closed","template":"","meta":{"_et_pb_use_builder":"off","_et_pb_old_content":"<h2>Naturaleza, cultura y gastronom\u00eda en un viaje inolvidable.<\/h2>","_et_gb_content_width":"","_coblocks_attr":"","_coblocks_dimensions":"","_coblocks_responsive_height":"","_coblocks_accordion_ie_support":"","_joinchat":[]},"product_brand":[],"product_cat":[25],"product_tag":[],"class_list":{"0":"post-507","1":"product","2":"type-product","3":"status-publish","4":"has-post-thumbnail","6":"product_cat-tours","8":"first","9":"instock","10":"virtual","11":"purchasable","12":"product-type-simple"},"_links":{"self":[{"href":"https:\/\/mamatavatravel.com\/en\/wp-json\/wp\/v2\/product\/507","targetHints":{"allow":["GET"]}}],"collection":[{"href":"https:\/\/mamatavatravel.com\/en\/wp-json\/wp\/v2\/product"}],"about":[{"href":"https:\/\/mamatavatravel.com\/en\/wp-json\/wp\/v2\/types\/product"}],"replies":[{"embeddable":true,"href":"https:\/\/mamatavatravel.com\/en\/wp-json\/wp\/v2\/comments?post=507"}],"wp:featuredmedia":[{"embeddable":true,"href":"https:\/\/mamatavatravel.com\/en\/wp-json\/wp\/v2\/media\/309"}],"wp:attachment":[{"href":"https:\/\/mamatavatravel.com\/en\/wp-json\/wp\/v2\/media?parent=507"}],"wp:term":[{"taxonomy":"product_brand","embeddable":true,"href":"https:\/\/mamatavatravel.com\/en\/wp-json\/wp\/v2\/product_brand?post=507"},{"taxonomy":"product_cat","embeddable":true,"href":"https:\/\/mamatavatravel.com\/en\/wp-json\/wp\/v2\/product_cat?post=507"},{"taxonomy":"product_tag","embeddable":true,"href":"https:\/\/mamatavatravel.com\/en\/wp-json\/wp\/v2\/product_tag?post=507"}],"curies":[{"name":"wp","href":"https:\/\/api.w.org\/{rel}","templated":true}]}}