{"id":506,"date":"2023-07-26T06:51:20","date_gmt":"2023-07-26T06:51:20","guid":{"rendered":"https:\/\/mamatavatravel.com\/?post_type=product&#038;p=506"},"modified":"2023-10-19T18:03:31","modified_gmt":"2023-10-19T18:03:31","slug":"viaje-a-chacahua","status":"publish","type":"product","link":"https:\/\/mamatavatravel.com\/en\/product\/viaje-a-chacahua\/","title":{"rendered":"Trip to Chacahua"},"content":{"rendered":"<h1><span style=\"color: #ff6600;\">Explore the paradise of Chacahua: Nature, history and coastal delights in a single trip.<\/span><\/h1>\n<p>Our fist part will be an hour car ride to the quiet town of Zapotalito, where our boat awaits to go\nthrough the mangroves of Chacahuas Lagoon. We have a guide that\u2019ll take you to the islands of\nthe lagoon, and it\u2019ll tell you the history of each of them. During this tour you\u2019ll also see different\nbirds and fish, this will take approximately 50 minutes.<\/p>\n<p>Afterwards, we will arrive at the natural paradise of Chacahua, a place where the lagoon connects with the sea, where there are several meters of crystal clear water at low altitude where you can swim. We will take you to our favorite restaurant, where you will taste the traditional cuisine of the Oaxacan coast, the famous catch of the day or fresh shrimp. To finish, we will go to Chacahua beach where you will take photos of a viewpoint and the rock arch.Trip to Chacahua.<\/p>","protected":false},"excerpt":{"rendered":"<p>Explora el para\u00edso de Chacahua: Naturaleza, historia y delicias coste\u00f1as en un solo viaje. Nuestro primer recorrido es en auto durante 1 hora para llegar al tranquilo pueblo de Zapotalito, donde nos espera nuestra embarcaci\u00f3n para dirigirnos a los manglares de la Laguna de Chacahua. Contamos con un gu\u00eda que te llevar\u00e1 a las islas [&hellip;]<\/p>\n","protected":false},"featured_media":150,"comment_status":"open","ping_status":"closed","template":"","meta":{"_et_pb_use_builder":"","_et_pb_old_content":"","_et_gb_content_width":"","_coblocks_attr":"","_coblocks_dimensions":"","_coblocks_responsive_height":"","_coblocks_accordion_ie_support":"","_joinchat":[]},"product_brand":[],"product_cat":[25],"product_tag":[],"class_list":{"0":"post-506","1":"product","2":"type-product","3":"status-publish","4":"has-post-thumbnail","6":"product_cat-tours","8":"first","9":"instock","10":"virtual","11":"purchasable","12":"product-type-simple"},"_links":{"self":[{"href":"https:\/\/mamatavatravel.com\/en\/wp-json\/wp\/v2\/product\/506","targetHints":{"allow":["GET"]}}],"collection":[{"href":"https:\/\/mamatavatravel.com\/en\/wp-json\/wp\/v2\/product"}],"about":[{"href":"https:\/\/mamatavatravel.com\/en\/wp-json\/wp\/v2\/types\/product"}],"replies":[{"embeddable":true,"href":"https:\/\/mamatavatravel.com\/en\/wp-json\/wp\/v2\/comments?post=506"}],"wp:featuredmedia":[{"embeddable":true,"href":"https:\/\/mamatavatravel.com\/en\/wp-json\/wp\/v2\/media\/150"}],"wp:attachment":[{"href":"https:\/\/mamatavatravel.com\/en\/wp-json\/wp\/v2\/media?parent=506"}],"wp:term":[{"taxonomy":"product_brand","embeddable":true,"href":"https:\/\/mamatavatravel.com\/en\/wp-json\/wp\/v2\/product_brand?post=506"},{"taxonomy":"product_cat","embeddable":true,"href":"https:\/\/mamatavatravel.com\/en\/wp-json\/wp\/v2\/product_cat?post=506"},{"taxonomy":"product_tag","embeddable":true,"href":"https:\/\/mamatavatravel.com\/en\/wp-json\/wp\/v2\/product_tag?post=506"}],"curies":[{"name":"wp","href":"https:\/\/api.w.org\/{rel}","templated":true}]}}