{"id":499,"date":"2023-07-26T06:25:45","date_gmt":"2023-07-26T06:25:45","guid":{"rendered":"https:\/\/mamatavatravel.com\/?post_type=product&#038;p=499"},"modified":"2023-10-19T18:02:06","modified_gmt":"2023-10-19T18:02:06","slug":"tirolesa-en-san-juan-lachao","status":"publish","type":"product","link":"https:\/\/mamatavatravel.com\/en\/product\/tirolesa-en-san-juan-lachao\/","title":{"rendered":"Zipline in San Juan Lachao"},"content":{"rendered":"<p><span style=\"color: #333333;\">We\u2019ll leave Puerto Escondido very early and head to San Juan Lachao, 1 hour 30 minutes trip\nthrough the mountains, where you\u2019ll start to notice the climate temperature change to more\nfresh. Once we arrive to the village we\u2019ll walk for 20 minutes along the jungle, mountains and\nOaxaca\u2019s forest where we\u2019ll come across rivers, tree zones and hanging bridges until we get to a\ncold water cascade completely natural, at the end of the mountain, you\u2019ll be able to freshen up for\n30 minutes to an hour; after that we\u2019ll get our safety equipment, helmet, safety belt and we\u2019ll\nstart explaining how to use the zip line.<\/span><br \/>\n<span style=\"color: #333333;\">There is a total of 5 zip lines we\u2019ll do and at each one you\u2019ll\nsee different sceneries and enjoy the tour, in one of them you can see the rivers, others you\u2019ll go\nthrough the trees all the way until you get to the ground. Afterwards we\u2019ll go to a restaurant to\neat and head back to Puerto Escondido.\nApproximate time is eight hours.<\/span><\/p>\n<p><span style=\"color: #333333;\">Approximate time is eight hours.<\/span><\/p>","protected":false},"excerpt":{"rendered":"<p>Salimos muy temprano de Puerto Escondido para dirigirnos al pueblo de San Juan Lachao, durante 1hr 30min de camino por las monta\u00f1as, donde empezar\u00e1s a notar el cambio de clima un poco m\u00e1s fresco. Llegando al pueblo empezamos la caminata de 20 minutos por toda la selva, monta\u00f1a y bosque de Oaxaca donde atravezamos r\u00edos, [&hellip;]<\/p>\n","protected":false},"featured_media":407,"comment_status":"open","ping_status":"closed","template":"","meta":{"_et_pb_use_builder":"","_et_pb_old_content":"","_et_gb_content_width":"","_coblocks_attr":"","_coblocks_dimensions":"","_coblocks_responsive_height":"","_coblocks_accordion_ie_support":"","_joinchat":[]},"product_brand":[],"product_cat":[25],"product_tag":[],"class_list":{"0":"post-499","1":"product","2":"type-product","3":"status-publish","4":"has-post-thumbnail","6":"product_cat-tours","8":"first","9":"instock","10":"virtual","11":"purchasable","12":"product-type-simple"},"_links":{"self":[{"href":"https:\/\/mamatavatravel.com\/en\/wp-json\/wp\/v2\/product\/499","targetHints":{"allow":["GET"]}}],"collection":[{"href":"https:\/\/mamatavatravel.com\/en\/wp-json\/wp\/v2\/product"}],"about":[{"href":"https:\/\/mamatavatravel.com\/en\/wp-json\/wp\/v2\/types\/product"}],"replies":[{"embeddable":true,"href":"https:\/\/mamatavatravel.com\/en\/wp-json\/wp\/v2\/comments?post=499"}],"wp:featuredmedia":[{"embeddable":true,"href":"https:\/\/mamatavatravel.com\/en\/wp-json\/wp\/v2\/media\/407"}],"wp:attachment":[{"href":"https:\/\/mamatavatravel.com\/en\/wp-json\/wp\/v2\/media?parent=499"}],"wp:term":[{"taxonomy":"product_brand","embeddable":true,"href":"https:\/\/mamatavatravel.com\/en\/wp-json\/wp\/v2\/product_brand?post=499"},{"taxonomy":"product_cat","embeddable":true,"href":"https:\/\/mamatavatravel.com\/en\/wp-json\/wp\/v2\/product_cat?post=499"},{"taxonomy":"product_tag","embeddable":true,"href":"https:\/\/mamatavatravel.com\/en\/wp-json\/wp\/v2\/product_tag?post=499"}],"curies":[{"name":"wp","href":"https:\/\/api.w.org\/{rel}","templated":true}]}}