{"id":394,"date":"2023-07-06T18:40:30","date_gmt":"2023-07-06T18:40:30","guid":{"rendered":"https:\/\/mamatavatravel.com\/?page_id=394"},"modified":"2023-07-06T18:47:54","modified_gmt":"2023-07-06T18:47:54","slug":"terminos-y-condiciones","status":"publish","type":"page","link":"https:\/\/mamatavatravel.com\/en\/terminos-y-condiciones\/","title":{"rendered":"Terms and Conditions"},"content":{"rendered":"<p>[et_pb_section fb_built=\u00bb1&#8243; admin_label=\u00bbHeader\u00bb _builder_version=\u00bb4.18.0&#8243; _module_preset=\u00bbdefault\u00bb background_color=\u00bbgcid-02132a14-0aa3-45af-abdc-389c29b58c23&#8243; collapsed=\u00bbon\u00bb global_colors_info=\u00bb{%22gcid-02132a14-0aa3-45af-abdc-389c29b58c23%22:%91%22background_color%22%93}\u00bb][et_pb_row _builder_version=\u00bb4.18.0&#8243; _module_preset=\u00bbdefault\u00bb locked=\u00bboff\u00bb global_colors_info=\u00bb{}\u00bb][et_pb_column type=\u00bb4_4&#8243; _builder_version=\u00bb4.18.0&#8243; _module_preset=\u00bbdefault\u00bb global_colors_info=\u00bb{}\u00bb][et_pb_text _builder_version=\u00bb4.18.0&#8243; _module_preset=\u00bbc16985e1-e0d6-4022-964d-e2bfc04fa633&#8243; header_font=\u00bbCinzel||||||||\u00bb header_text_color=\u00bbgcid-e010f2a6-5bcc-4cbf-902a-b2f60822625a\u00bb header_font_size=\u00bb90px\u00bb text_orientation=\u00bbcenter\u00bb custom_padding=\u00bb||4%||false|false\u00bb header_font_size_tablet=\u00bb40px\u00bb header_font_size_phone=\u00bb24px\u00bb header_font_size_last_edited=\u00bbon|desktop\u00bb border_color_all=\u00bbgcid-e010f2a6-5bcc-4cbf-902a-b2f60822625a\u00bb border_width_bottom=\u00bb2px\u00bb global_colors_info=\u00bb{%22gcid-e010f2a6-5bcc-4cbf-902a-b2f60822625a%22:%91%22header_text_color%22,%22border_color_all%22%93}\u00bb]<\/p>\n<h1>T\u00e9rminos Y Condiciones<\/h1>\n<p>[\/et_pb_text][\/et_pb_column][\/et_pb_row][\/et_pb_section][et_pb_section fb_built=\u00bb1&#8243; admin_label=\u00bbBlog\u00bb _builder_version=\u00bb4.18.0&#8243; _module_preset=\u00bbdefault\u00bb collapsed=\u00bbon\u00bb global_colors_info=\u00bb{}\u00bb][et_pb_row _builder_version=\u00bb4.18.0&#8243; _module_preset=\u00bbdefault\u00bb global_colors_info=\u00bb{}\u00bb][et_pb_column type=\u00bb4_4&#8243; _builder_version=\u00bb4.18.0&#8243; _module_preset=\u00bbdefault\u00bb global_colors_info=\u00bb{}\u00bb][et_pb_text _builder_version=\u00bb4.21.0&#8243; _module_preset=\u00bbdefault\u00bb global_colors_info=\u00bb{}\u00bb]<\/p>\n<p>Por favor, lee detenidamente los siguientes t\u00e9rminos y condiciones que rigen el uso de los servicios y productos proporcionados por Mama Tava Travel. Al hacer uso de nuestros servicios, aceptas cumplir con estos t\u00e9rminos y condiciones en su totalidad.<\/p>\n<p><strong>Reservas y Pagos:<\/strong><\/p>\n<p>Para realizar una reserva, se requiere un dep\u00f3sito o pago completo seg\u00fan se especifique en cada caso. El pago puede realizarse a trav\u00e9s de los m\u00e9todos de pago aceptados por Mama Tava Travel.<br \/>El precio de los tours y servicios est\u00e1 sujeto a cambios sin previo aviso. Sin embargo, una vez realizada la reserva, el precio acordado no se ver\u00e1 afectado por cambios posteriores.<br \/>En caso de cancelaci\u00f3n por parte del cliente, se aplicar\u00e1n cargos y pol\u00edticas de reembolso seg\u00fan lo establecido en nuestras pol\u00edticas de cancelaci\u00f3n.<\/p>\n<p><strong>Modificaciones y Cancelaciones:<\/strong><\/p>\n<p>Mama Tava Travel se reserva el derecho de realizar cambios en itinerarios, horarios o actividades debido a circunstancias imprevistas o situaciones fuera de nuestro control. Haremos nuestro mejor esfuerzo para notificarte sobre dichos cambios y buscar alternativas adecuadas.<br \/>En caso de cancelaci\u00f3n por parte de Mama Tava Travel debido a situaciones imprevistas o insuficiencia de participantes, se ofrecer\u00e1 un reembolso completo o una alternativa de tour equivalente seg\u00fan tu preferencia.<br \/>Responsabilidad y Seguridad:<\/p>\n<p>Mama Tava Travel se esfuerza por garantizar la seguridad de nuestros clientes durante los tours y actividades. Sin embargo, cada participante es responsable de su propia seguridad y debe seguir las instrucciones y pautas proporcionadas por nuestros gu\u00edas o personal.<br \/>Mama Tava Travel no se hace responsable por p\u00e9rdidas, da\u00f1os, lesiones o gastos incurridos durante los tours, a menos que se deban a negligencia comprobada por parte de la empresa.<\/p>\n<p><strong>Derechos de Autor:<\/strong><\/p>\n<p>Todos los contenidos, im\u00e1genes y materiales presentes en el sitio web y en nuestros materiales promocionales est\u00e1n protegidos por derechos de autor y son propiedad exclusiva de Mama Tava Travel. No se permite la reproducci\u00f3n, distribuci\u00f3n o uso no autorizado de dichos contenidos sin el consentimiento expreso por escrito de Mama Tava Travel.<br \/>Pol\u00edtica de Privacidad:<\/p>\n<p>Al utilizar nuestros servicios, aceptas nuestra pol\u00edtica de privacidad que rige la recopilaci\u00f3n, uso y protecci\u00f3n de tus datos personales. Consulta nuestro aviso de privacidad para obtener m\u00e1s informaci\u00f3n sobre c\u00f3mo manejamos tus datos.<br \/>Al hacer uso de los servicios de Mama Tava Travel, est\u00e1s aceptando y acordando cumplir con estos t\u00e9rminos y condiciones. Si tienes alguna pregunta o inquietud, no dudes en contactarnos a trav\u00e9s de los medios proporcionados en nuestro sitio web.<\/p>\n<p><strong>Cl\u00e1usulas de Exclusi\u00f3n de Responsabilidad Civil:<\/strong><\/p>\n<p><strong><em>Responsabilidad Civil<\/em><\/strong>: Mama Tava Travel no se hace responsable por cualquier lesi\u00f3n, p\u00e9rdida, da\u00f1o, robo o gasto sufrido por los participantes durante los tours o actividades. Los participantes asumen la responsabilidad total por su seguridad personal y deben seguir las instrucciones proporcionadas por nuestros gu\u00edas y personal en todo momento.<\/p>\n<p><strong><em>Condiciones de Salud:<\/em><\/strong> Los participantes son responsables de asegurarse de que est\u00e1n en condiciones f\u00edsicas y de salud adecuadas para participar en los tours y actividades. Mama Tava Travel no se hace responsable por lesiones, enfermedades o afecciones m\u00e9dicas preexistentes que puedan surgir durante el tour debido a la falta de notificaci\u00f3n por parte del participante sobre su estado de salud.<\/p>\n<p><strong><em>Actividades de Riesgo<\/em><\/strong>: Algunos de nuestros tours y actividades pueden implicar ciertos riesgos inherentes, como caminatas en terrenos irregulares, nadar en aguas abiertas o practicar deportes de aventura. Los participantes deben ser conscientes de estos riesgos y aceptarlos antes de participar en dichas actividades.<\/p>\n<p><em><strong>Condiciones Clim\u00e1ticas y Naturale<\/strong><\/em>s: Mama Tava Travel no puede garantizar las condiciones clim\u00e1ticas o las condiciones naturales de los destinos visitados. Algunas actividades pueden verse afectadas o modificadas debido a condiciones clim\u00e1ticas adversas, cambios en las mareas u otras circunstancias imprevistas. En tales casos, Mama Tava Travel se reserva el derecho de realizar ajustes o cambios en el itinerario para garantizar la seguridad de los participantes.<\/p>\n<p><em><strong>Exclusi\u00f3n de Responsabilidad por Fuerza Mayor<\/strong><\/em>: Mama Tava Travel no ser\u00e1 responsable por incumplimientos o retrasos en la prestaci\u00f3n de los servicios contratados debido a circunstancias fuera de su control, como desastres naturales, conflictos pol\u00edticos, huelgas, cierres de carreteras u otras situaciones de fuerza mayor.<\/p>\n<p>Al participar en los tours y actividades ofrecidos por Mama Tava Travel, los participantes reconocen y aceptan estas cl\u00e1usulas de exclusi\u00f3n de responsabilidad civil y muerte. Es responsabilidad de los participantes informarse sobre las condiciones y riesgos asociados a cada tour y actuar de manera responsable durante su participaci\u00f3n.<\/p>\n<p>Actualizado: Jueves 6 de Julio del 2023<\/p>\n<p>Mama Tava Travel. Todos los derechos reservados.<\/p>\n<p>[\/et_pb_text][\/et_pb_column][\/et_pb_row][\/et_pb_section][et_pb_section fb_built=\u00bb1&#8243; admin_label=\u00bbFooter\u00bb _builder_version=\u00bb4.21.0&#8243; _module_preset=\u00bbdefault\u00bb use_background_color_gradient=\u00bbon\u00bb background_color_gradient_stops=\u00bbrgba(38,54,78,0.68) 0%|#26364e 100%\u00bb background_color_gradient_overlays_image=\u00bbon\u00bb background_image=\u00bbhttps:\/\/mamatavatravel.com\/wp-content\/uploads\/2023\/06\/bioluminisencia-2.jpg\u00bb custom_padding=\u00bb0px||0px||true|false\u00bb use_background_color_gradient_tablet=\u00bbon\u00bb background_color_gradient_direction_tablet=\u00bb180deg\u00bb background_color_gradient_stops_tablet=\u00bb#ffffff 60%|rgba(255,255,255,0) 60%\u00bb saved_tabs=\u00bball\u00bb collapsed=\u00bbon\u00bb global_colors_info=\u00bb{}\u00bb global_module=\u00bb186&#8243; theme_builder_area=\u00bbpost_content\u00bb][et_pb_row column_structure=\u00bb1_2,1_2&#8243; make_equal=\u00bbon\u00bb _builder_version=\u00bb4.18.0&#8243; _module_preset=\u00bbdefault\u00bb custom_padding=\u00bb0px||0px||true|false\u00bb box_shadow_style=\u00bbpreset4&#8243; box_shadow_horizontal=\u00bb-30vw\u00bb box_shadow_vertical=\u00bb0px\u00bb box_shadow_color=\u00bb#FFFFFF\u00bb global_colors_info=\u00bb{}\u00bb theme_builder_area=\u00bbpost_content\u00bb][et_pb_column type=\u00bb1_2&#8243; _builder_version=\u00bb4.18.0&#8243; _module_preset=\u00bbdefault\u00bb background_color=\u00bb#FFFFFF\u00bb custom_padding=\u00bb60px|60px|60px||true|false\u00bb custom_padding_tablet=\u00bb|30px|30px|30px|false|true\u00bb custom_padding_phone=\u00bb|20px|20px|20px|false|true\u00bb custom_padding_last_edited=\u00bbon|desktop\u00bb global_colors_info=\u00bb{}\u00bb theme_builder_area=\u00bbpost_content\u00bb][et_pb_menu submenu_direction=\u00bbdownwards\u00bb _builder_version=\u00bb4.21.0&#8243; _module_preset=\u00bbdefault\u00bb menu_font_size=\u00bb15px\u00bb menu_letter_spacing=\u00bb8px\u00bb menu_line_height=\u00bb2em\u00bb custom_padding=\u00bb|229px||||\u00bb global_colors_info=\u00bb{}\u00bb theme_builder_area=\u00bbpost_content\u00bb][\/et_pb_menu][et_pb_social_media_follow icon_color=\u00bbgcid-02132a14-0aa3-45af-abdc-389c29b58c23&#8243; _builder_version=\u00bb4.21.0&#8243; _module_preset=\u00bbdefault\u00bb global_colors_info=\u00bb{%22gcid-02132a14-0aa3-45af-abdc-389c29b58c23%22:%91%22icon_color%22%93}\u00bb theme_builder_area=\u00bbpost_content\u00bb][et_pb_social_media_follow_network social_network=\u00bbfacebook\u00bb url=\u00bbhttps:\/\/www.facebook.com\/Mamatavatravel\/\u00bb _builder_version=\u00bb4.21.0&#8243; _module_preset=\u00bbdefault\u00bb global_colors_info=\u00bb{}\u00bb theme_builder_area=\u00bbpost_content\u00bb follow_button=\u00bboff\u00bb url_new_window=\u00bbon\u00bb]facebook[\/et_pb_social_media_follow_network][et_pb_social_media_follow_network social_network=\u00bbwhatsapp\u00bb url=\u00bbhttps:\/\/l.facebook.com\/l.php?u=https%3A%2F%2Fapi.whatsapp.com%2Fsend%3Fphone%3D529541395369%26text%3DEnlace%253A%250Ahttps%253A%252F%252Ffb.me%252F94HvZNU9t%250A%250AVi%2520esto%2520en%2520Facebook&#8230;%26app%3Dfacebook&#038;h=AT327NKtMlOp7yHPro9yPGbq3yvEOrMrh1abrCWE2gxHw6kNpEBTmfWhc0ta4wzxUMVBV9YtmJ-lPQ1xLXLZ5r1tcmltlrvGJfWQ4ot6TVGrhH0gSe4y2oxzAGW44ZMNDHISSKxl5CyTkjmaun7iiKxksaxM6a4m2Mk3p8GKGUE&#038;__tn__=-UK-R&#038;c%910%93=AT0s3Yb9FteEq9DL_jpUmYwf5h3GXHxodv0g3dbpcp8yUx6tZ0NvcbpF39u9RNyvtSwEQO3DHAOv_HFqKc2BZTngz7Btar3RpPDuYbD8-_bJhfH95OCi3b1nqOKEo0BuIB18noOiiauFOhD9ttYHCr4OwgEeQq6tqAXFeGrJI7GsOTXHSMbhBMP22igyfe54djQ6cY8F1gQLt1jpv-Oxu6_dDlkqRP769VCv\u00bb icon_color=\u00bb#000000&#8243; use_icon_font_size=\u00bbon\u00bb _builder_version=\u00bb4.21.0&#8243; _module_preset=\u00bbdefault\u00bb background_enable_color=\u00bboff\u00bb global_colors_info=\u00bb{}\u00bb theme_builder_area=\u00bbpost_content\u00bb follow_button=\u00bboff\u00bb url_new_window=\u00bbon\u00bb]whatsapp[\/et_pb_social_media_follow_network][et_pb_social_media_follow_network social_network=\u00bbinstagram\u00bb url=\u00bbhttps:\/\/www.instagram.com\/mama_tava_travel\/\u00bb _builder_version=\u00bb4.21.0&#8243; _module_preset=\u00bbdefault\u00bb global_colors_info=\u00bb{}\u00bb theme_builder_area=\u00bbpost_content\u00bb follow_button=\u00bboff\u00bb url_new_window=\u00bbon\u00bb]instagram[\/et_pb_social_media_follow_network][\/et_pb_social_media_follow][\/et_pb_column][et_pb_column type=\u00bb1_2&#8243; _builder_version=\u00bb4.18.0&#8243; _module_preset=\u00bbdefault\u00bb custom_padding=\u00bb60px||60px||true|false\u00bb custom_padding_tablet=\u00bb30px||30px|30px|true|false\u00bb custom_padding_phone=\u00bb20px||20px|20px|true|false\u00bb custom_padding_last_edited=\u00bbon|tablet\u00bb global_colors_info=\u00bb{}\u00bb theme_builder_area=\u00bbpost_content\u00bb][et_pb_text _builder_version=\u00bb4.18.0&#8243; _module_preset=\u00bbb327cbe4-b1d5-4b66-ad37-40c8f2f061ba\u00bb header_2_font=\u00bbCinzel||||||||\u00bb header_2_font_size=\u00bb52px\u00bb header_2_line_height=\u00bb1.2em\u00bb background_layout=\u00bbdark\u00bb header_2_font_size_tablet=\u00bb32px\u00bb header_2_font_size_phone=\u00bb20px\u00bb header_2_font_size_last_edited=\u00bbon|desktop\u00bb global_colors_info=\u00bb{}\u00bb theme_builder_area=\u00bbpost_content\u00bb]<\/p>\n<h2>sucr\u00edbete<\/h2>\n<p>[\/et_pb_text][et_pb_signup mailchimp_list=\u00bbundefined|undefined|\u00bb layout=\u00bbtop_bottom\u00bb first_name_field=\u00bboff\u00bb last_name_field=\u00bboff\u00bb _builder_version=\u00bb4.18.0&#8243; _module_preset=\u00bbf5dd8511-592b-43f8-b02a-fca5b467e34a\u00bb form_field_background_color=\u00bbRGBA(255,255,255,0)\u00bb form_field_text_color=\u00bb#FFFFFF\u00bb form_field_custom_padding=\u00bb|0px||0px|false|true\u00bb form_field_font=\u00bbPoppins||||||||\u00bb form_field_font_size=\u00bb18px\u00bb background_enable_color=\u00bboff\u00bb use_background_color=\u00bboff\u00bb custom_button=\u00bbon\u00bb button_text_color=\u00bb#FFFFFF\u00bb button_bg_color=\u00bb#d0a73f\u00bb button_border_width=\u00bb0px\u00bb button_border_radius=\u00bb0px\u00bb button_font=\u00bbPoppins|500|||||||\u00bb button_custom_padding=\u00bb12px|30px|12px|30px|true|true\u00bb form_field_font_size_tablet=\u00bb15px\u00bb form_field_font_size_phone=\u00bb14px\u00bb form_field_font_size_last_edited=\u00bbon|phone\u00bb button_text_size_tablet=\u00bb18px\u00bb button_text_size_phone=\u00bb16px\u00bb button_text_size_last_edited=\u00bbon|phone\u00bb border_radii_fields=\u00bbon|0px|0px|0px|0px\u00bb border_color_all_fields=\u00bb#FFFFFF\u00bb border_width_bottom_fields=\u00bb1px\u00bb global_colors_info=\u00bb{}\u00bb theme_builder_area=\u00bbpost_content\u00bb][\/et_pb_signup][\/et_pb_column][\/et_pb_row][\/et_pb_section]<\/p>\n","protected":false},"excerpt":{"rendered":"<p>T\u00e9rminos Y CondicionesPor favor, lee detenidamente los siguientes t\u00e9rminos y condiciones que rigen el uso de los servicios y productos proporcionados por Mama Tava Travel. Al hacer uso de nuestros servicios, aceptas cumplir con estos t\u00e9rminos y condiciones en su totalidad. Reservas y Pagos: Para realizar una reserva, se requiere un dep\u00f3sito o pago completo [&hellip;]<\/p>\n","protected":false},"author":1,"featured_media":0,"parent":0,"menu_order":0,"comment_status":"closed","ping_status":"closed","template":"","meta":{"_et_pb_use_builder":"on","_et_pb_old_content":"","_et_gb_content_width":"","_coblocks_attr":"","_coblocks_dimensions":"","_coblocks_responsive_height":"","_coblocks_accordion_ie_support":"","_joinchat":[],"footnotes":""},"class_list":["post-394","page","type-page","status-publish","hentry"],"_links":{"self":[{"href":"https:\/\/mamatavatravel.com\/en\/wp-json\/wp\/v2\/pages\/394","targetHints":{"allow":["GET"]}}],"collection":[{"href":"https:\/\/mamatavatravel.com\/en\/wp-json\/wp\/v2\/pages"}],"about":[{"href":"https:\/\/mamatavatravel.com\/en\/wp-json\/wp\/v2\/types\/page"}],"author":[{"embeddable":true,"href":"https:\/\/mamatavatravel.com\/en\/wp-json\/wp\/v2\/users\/1"}],"replies":[{"embeddable":true,"href":"https:\/\/mamatavatravel.com\/en\/wp-json\/wp\/v2\/comments?post=394"}],"version-history":[{"count":5,"href":"https:\/\/mamatavatravel.com\/en\/wp-json\/wp\/v2\/pages\/394\/revisions"}],"predecessor-version":[{"id":405,"href":"https:\/\/mamatavatravel.com\/en\/wp-json\/wp\/v2\/pages\/394\/revisions\/405"}],"wp:attachment":[{"href":"https:\/\/mamatavatravel.com\/en\/wp-json\/wp\/v2\/media?parent=394"}],"curies":[{"name":"wp","href":"https:\/\/api.w.org\/{rel}","templated":true}]}}