{"id":390,"date":"2023-07-06T18:36:22","date_gmt":"2023-07-06T18:36:22","guid":{"rendered":"https:\/\/mamatavatravel.com\/?page_id=390"},"modified":"2023-07-06T18:46:50","modified_gmt":"2023-07-06T18:46:50","slug":"aviso-de-privacidad","status":"publish","type":"page","link":"https:\/\/mamatavatravel.com\/en\/aviso-de-privacidad\/","title":{"rendered":"Aviso de Privacidad"},"content":{"rendered":"<p>[et_pb_section fb_built=\u00bb1&#8243; admin_label=\u00bbHeader\u00bb _builder_version=\u00bb4.18.0&#8243; _module_preset=\u00bbdefault\u00bb background_color=\u00bbgcid-02132a14-0aa3-45af-abdc-389c29b58c23&#8243; collapsed=\u00bbon\u00bb global_colors_info=\u00bb{%22gcid-02132a14-0aa3-45af-abdc-389c29b58c23%22:%91%22background_color%22%93}\u00bb][et_pb_row _builder_version=\u00bb4.18.0&#8243; _module_preset=\u00bbdefault\u00bb locked=\u00bboff\u00bb global_colors_info=\u00bb{}\u00bb][et_pb_column type=\u00bb4_4&#8243; _builder_version=\u00bb4.18.0&#8243; _module_preset=\u00bbdefault\u00bb global_colors_info=\u00bb{}\u00bb][et_pb_text _builder_version=\u00bb4.21.0&#8243; _module_preset=\u00bbc16985e1-e0d6-4022-964d-e2bfc04fa633&#8243; header_font=\u00bbCinzel||||||||\u00bb header_text_color=\u00bbgcid-e010f2a6-5bcc-4cbf-902a-b2f60822625a\u00bb header_font_size=\u00bb90px\u00bb text_orientation=\u00bbcenter\u00bb custom_padding=\u00bb||4%||false|false\u00bb header_font_size_tablet=\u00bb40px\u00bb header_font_size_phone=\u00bb24px\u00bb header_font_size_last_edited=\u00bbon|desktop\u00bb border_color_all=\u00bbgcid-e010f2a6-5bcc-4cbf-902a-b2f60822625a\u00bb border_width_bottom=\u00bb2px\u00bb global_colors_info=\u00bb{%22gcid-e010f2a6-5bcc-4cbf-902a-b2f60822625a%22:%91%22header_text_color%22,%22border_color_all%22%93}\u00bb]<\/p>\n<h1>Aviso De Privacidad<\/h1>\n<p>[\/et_pb_text][\/et_pb_column][\/et_pb_row][\/et_pb_section][et_pb_section fb_built=\u00bb1&#8243; admin_label=\u00bbBlog\u00bb _builder_version=\u00bb4.18.0&#8243; _module_preset=\u00bbdefault\u00bb collapsed=\u00bbon\u00bb global_colors_info=\u00bb{}\u00bb][et_pb_row _builder_version=\u00bb4.18.0&#8243; _module_preset=\u00bbdefault\u00bb global_colors_info=\u00bb{}\u00bb][et_pb_column type=\u00bb4_4&#8243; _builder_version=\u00bb4.18.0&#8243; _module_preset=\u00bbdefault\u00bb global_colors_info=\u00bb{}\u00bb][et_pb_text _builder_version=\u00bb4.21.0&#8243; _module_preset=\u00bbdefault\u00bb global_colors_info=\u00bb{}\u00bb]<\/p>\n<p>En Mama Tava Travel, valoramos y respetamos tu privacidad. Este aviso de privacidad tiene como objetivo informarte sobre c\u00f3mo recopilamos, utilizamos, almacenamos y protegemos tus datos personales cuando interact\u00faas con nosotros a trav\u00e9s de nuestros servicios y plataformas digitales. Queremos asegurarte que tus datos personales son tratados de manera confidencial y de acuerdo con las leyes y regulaciones aplicables.<\/p>\n<p>Recopilaci\u00f3n de Datos Personales:<br \/>Recopilamos tus datos personales de forma voluntaria y directa cuando nos los proporcionas al hacer uso de nuestros servicios, al suscribirte a nuestra lista de correo, al participar en nuestras promociones o al contactarnos a trav\u00e9s de nuestros canales de comunicaci\u00f3n. Los datos personales que recopilamos pueden incluir, entre otros, tu nombre, direcci\u00f3n de correo electr\u00f3nico, n\u00famero de tel\u00e9fono y preferencias de viaje.<\/p>\n<p>Uso de los Datos Personales:<br \/>Utilizamos tus datos personales con el prop\u00f3sito de brindarte nuestros servicios, gestionar tus reservas, responder tus consultas y proporcionarte informaci\u00f3n relevante sobre nuestros tours y actividades. Tambi\u00e9n podemos utilizar tus datos para mejorar nuestros servicios, realizar an\u00e1lisis internos, llevar a cabo estudios de mercado y para el cumplimiento de nuestras obligaciones legales.<\/p>\n<p>Almacenamiento y Protecci\u00f3n de los Datos Personales:<br \/>Mantenemos tus datos personales seguros y tomamos las medidas necesarias para protegerlos contra accesos no autorizados, p\u00e9rdida, uso indebido o divulgaci\u00f3n. Solo conservamos tus datos personales durante el tiempo necesario para cumplir con los fines para los cuales fueron recopilados, a menos que se requiera un per\u00edodo de retenci\u00f3n m\u00e1s prolongado por razones legales o reglamentarias.<\/p>\n<p>Compartir los Datos Personales:<br \/>En algunos casos, podemos compartir tus datos personales con terceros seleccionados que nos prestan servicios de apoyo, como proveedores de alojamiento, operadores tur\u00edsticos locales y empresas de transporte. Solo compartimos los datos necesarios para el desempe\u00f1o de dichos servicios y nos aseguramos de que cumplan con las mismas medidas de seguridad y protecci\u00f3n de datos.<\/p>\n<p>Tus Derechos y Opciones:<br \/>Tienes derecho a acceder, corregir o eliminar tus datos personales en cualquier momento. Si deseas ejercer tus derechos, actualizar tus preferencias o solicitar la eliminaci\u00f3n de tus datos de nuestra base de datos, por favor cont\u00e1ctanos a trav\u00e9s de los medios indicados en este aviso.<\/p>\n<p>Cambios en el Aviso de Privacidad:<br \/>Podemos actualizar este aviso de privacidad ocasionalmente para reflejar cambios en nuestras pr\u00e1cticas de manejo de datos. Te recomendamos revisar peri\u00f3dicamente este aviso para estar informado sobre c\u00f3mo protegemos tu privacidad.<\/p>\n<p>Si tienes alguna pregunta o inquietud relacionada con nuestra pol\u00edtica de privacidad o el manejo de tus datos personales, no dudes en contactarnos a trav\u00e9s de los medios indicados en nuestro sitio web.<\/p>\n<p>Actualizado:\u00a0 Jueves de 6 Julio del 2023<\/p>\n<p>Mama Tava Travel. Todos los derechos reservados.<\/p>\n<p>[\/et_pb_text][\/et_pb_column][\/et_pb_row][\/et_pb_section][et_pb_section fb_built=\u00bb1&#8243; admin_label=\u00bbFooter\u00bb _builder_version=\u00bb4.21.0&#8243; _module_preset=\u00bbdefault\u00bb use_background_color_gradient=\u00bbon\u00bb background_color_gradient_stops=\u00bbrgba(38,54,78,0.68) 0%|#26364e 100%\u00bb background_color_gradient_overlays_image=\u00bbon\u00bb background_image=\u00bbhttps:\/\/mamatavatravel.com\/wp-content\/uploads\/2023\/06\/bioluminisencia-2.jpg\u00bb custom_padding=\u00bb0px||0px||true|false\u00bb use_background_color_gradient_tablet=\u00bbon\u00bb background_color_gradient_direction_tablet=\u00bb180deg\u00bb background_color_gradient_stops_tablet=\u00bb#ffffff 60%|rgba(255,255,255,0) 60%\u00bb saved_tabs=\u00bball\u00bb collapsed=\u00bbon\u00bb global_colors_info=\u00bb{}\u00bb global_module=\u00bb186&#8243; theme_builder_area=\u00bbpost_content\u00bb][et_pb_row column_structure=\u00bb1_2,1_2&#8243; make_equal=\u00bbon\u00bb _builder_version=\u00bb4.18.0&#8243; _module_preset=\u00bbdefault\u00bb custom_padding=\u00bb0px||0px||true|false\u00bb box_shadow_style=\u00bbpreset4&#8243; box_shadow_horizontal=\u00bb-30vw\u00bb box_shadow_vertical=\u00bb0px\u00bb box_shadow_color=\u00bb#FFFFFF\u00bb global_colors_info=\u00bb{}\u00bb theme_builder_area=\u00bbpost_content\u00bb][et_pb_column type=\u00bb1_2&#8243; _builder_version=\u00bb4.18.0&#8243; _module_preset=\u00bbdefault\u00bb background_color=\u00bb#FFFFFF\u00bb custom_padding=\u00bb60px|60px|60px||true|false\u00bb custom_padding_tablet=\u00bb|30px|30px|30px|false|true\u00bb custom_padding_phone=\u00bb|20px|20px|20px|false|true\u00bb custom_padding_last_edited=\u00bbon|desktop\u00bb global_colors_info=\u00bb{}\u00bb theme_builder_area=\u00bbpost_content\u00bb][et_pb_menu submenu_direction=\u00bbdownwards\u00bb _builder_version=\u00bb4.21.0&#8243; _module_preset=\u00bbdefault\u00bb menu_font_size=\u00bb15px\u00bb menu_letter_spacing=\u00bb8px\u00bb menu_line_height=\u00bb2em\u00bb custom_padding=\u00bb|229px||||\u00bb global_colors_info=\u00bb{}\u00bb theme_builder_area=\u00bbpost_content\u00bb][\/et_pb_menu][et_pb_social_media_follow icon_color=\u00bbgcid-02132a14-0aa3-45af-abdc-389c29b58c23&#8243; _builder_version=\u00bb4.21.0&#8243; _module_preset=\u00bbdefault\u00bb global_colors_info=\u00bb{%22gcid-02132a14-0aa3-45af-abdc-389c29b58c23%22:%91%22icon_color%22%93}\u00bb theme_builder_area=\u00bbpost_content\u00bb][et_pb_social_media_follow_network social_network=\u00bbfacebook\u00bb url=\u00bbhttps:\/\/www.facebook.com\/Mamatavatravel\/\u00bb _builder_version=\u00bb4.21.0&#8243; _module_preset=\u00bbdefault\u00bb global_colors_info=\u00bb{}\u00bb theme_builder_area=\u00bbpost_content\u00bb follow_button=\u00bboff\u00bb url_new_window=\u00bbon\u00bb]facebook[\/et_pb_social_media_follow_network][et_pb_social_media_follow_network social_network=\u00bbwhatsapp\u00bb url=\u00bbhttps:\/\/l.facebook.com\/l.php?u=https%3A%2F%2Fapi.whatsapp.com%2Fsend%3Fphone%3D529541395369%26text%3DEnlace%253A%250Ahttps%253A%252F%252Ffb.me%252F94HvZNU9t%250A%250AVi%2520esto%2520en%2520Facebook&#8230;%26app%3Dfacebook&#038;h=AT327NKtMlOp7yHPro9yPGbq3yvEOrMrh1abrCWE2gxHw6kNpEBTmfWhc0ta4wzxUMVBV9YtmJ-lPQ1xLXLZ5r1tcmltlrvGJfWQ4ot6TVGrhH0gSe4y2oxzAGW44ZMNDHISSKxl5CyTkjmaun7iiKxksaxM6a4m2Mk3p8GKGUE&#038;__tn__=-UK-R&#038;c%910%93=AT0s3Yb9FteEq9DL_jpUmYwf5h3GXHxodv0g3dbpcp8yUx6tZ0NvcbpF39u9RNyvtSwEQO3DHAOv_HFqKc2BZTngz7Btar3RpPDuYbD8-_bJhfH95OCi3b1nqOKEo0BuIB18noOiiauFOhD9ttYHCr4OwgEeQq6tqAXFeGrJI7GsOTXHSMbhBMP22igyfe54djQ6cY8F1gQLt1jpv-Oxu6_dDlkqRP769VCv\u00bb icon_color=\u00bb#000000&#8243; use_icon_font_size=\u00bbon\u00bb _builder_version=\u00bb4.21.0&#8243; _module_preset=\u00bbdefault\u00bb background_enable_color=\u00bboff\u00bb global_colors_info=\u00bb{}\u00bb theme_builder_area=\u00bbpost_content\u00bb follow_button=\u00bboff\u00bb url_new_window=\u00bbon\u00bb]whatsapp[\/et_pb_social_media_follow_network][et_pb_social_media_follow_network social_network=\u00bbinstagram\u00bb url=\u00bbhttps:\/\/www.instagram.com\/mama_tava_travel\/\u00bb _builder_version=\u00bb4.21.0&#8243; _module_preset=\u00bbdefault\u00bb global_colors_info=\u00bb{}\u00bb theme_builder_area=\u00bbpost_content\u00bb follow_button=\u00bboff\u00bb url_new_window=\u00bbon\u00bb]instagram[\/et_pb_social_media_follow_network][\/et_pb_social_media_follow][\/et_pb_column][et_pb_column type=\u00bb1_2&#8243; _builder_version=\u00bb4.18.0&#8243; _module_preset=\u00bbdefault\u00bb custom_padding=\u00bb60px||60px||true|false\u00bb custom_padding_tablet=\u00bb30px||30px|30px|true|false\u00bb custom_padding_phone=\u00bb20px||20px|20px|true|false\u00bb custom_padding_last_edited=\u00bbon|tablet\u00bb global_colors_info=\u00bb{}\u00bb theme_builder_area=\u00bbpost_content\u00bb][et_pb_text _builder_version=\u00bb4.18.0&#8243; _module_preset=\u00bbb327cbe4-b1d5-4b66-ad37-40c8f2f061ba\u00bb header_2_font=\u00bbCinzel||||||||\u00bb header_2_font_size=\u00bb52px\u00bb header_2_line_height=\u00bb1.2em\u00bb background_layout=\u00bbdark\u00bb header_2_font_size_tablet=\u00bb32px\u00bb header_2_font_size_phone=\u00bb20px\u00bb header_2_font_size_last_edited=\u00bbon|desktop\u00bb global_colors_info=\u00bb{}\u00bb theme_builder_area=\u00bbpost_content\u00bb]<\/p>\n<h2>sucr\u00edbete<\/h2>\n<p>[\/et_pb_text][et_pb_signup mailchimp_list=\u00bbundefined|undefined|\u00bb layout=\u00bbtop_bottom\u00bb first_name_field=\u00bboff\u00bb last_name_field=\u00bboff\u00bb _builder_version=\u00bb4.18.0&#8243; _module_preset=\u00bbf5dd8511-592b-43f8-b02a-fca5b467e34a\u00bb form_field_background_color=\u00bbRGBA(255,255,255,0)\u00bb form_field_text_color=\u00bb#FFFFFF\u00bb form_field_custom_padding=\u00bb|0px||0px|false|true\u00bb form_field_font=\u00bbPoppins||||||||\u00bb form_field_font_size=\u00bb18px\u00bb background_enable_color=\u00bboff\u00bb use_background_color=\u00bboff\u00bb custom_button=\u00bbon\u00bb button_text_color=\u00bb#FFFFFF\u00bb button_bg_color=\u00bb#d0a73f\u00bb button_border_width=\u00bb0px\u00bb button_border_radius=\u00bb0px\u00bb button_font=\u00bbPoppins|500|||||||\u00bb button_custom_padding=\u00bb12px|30px|12px|30px|true|true\u00bb form_field_font_size_tablet=\u00bb15px\u00bb form_field_font_size_phone=\u00bb14px\u00bb form_field_font_size_last_edited=\u00bbon|phone\u00bb button_text_size_tablet=\u00bb18px\u00bb button_text_size_phone=\u00bb16px\u00bb button_text_size_last_edited=\u00bbon|phone\u00bb border_radii_fields=\u00bbon|0px|0px|0px|0px\u00bb border_color_all_fields=\u00bb#FFFFFF\u00bb border_width_bottom_fields=\u00bb1px\u00bb global_colors_info=\u00bb{}\u00bb theme_builder_area=\u00bbpost_content\u00bb][\/et_pb_signup][\/et_pb_column][\/et_pb_row][\/et_pb_section]<\/p>\n","protected":false},"excerpt":{"rendered":"<p>Aviso De PrivacidadEn Mama Tava Travel, valoramos y respetamos tu privacidad. Este aviso de privacidad tiene como objetivo informarte sobre c\u00f3mo recopilamos, utilizamos, almacenamos y protegemos tus datos personales cuando interact\u00faas con nosotros a trav\u00e9s de nuestros servicios y plataformas digitales. Queremos asegurarte que tus datos personales son tratados de manera confidencial y de acuerdo [&hellip;]<\/p>\n","protected":false},"author":1,"featured_media":0,"parent":0,"menu_order":0,"comment_status":"closed","ping_status":"closed","template":"","meta":{"_et_pb_use_builder":"on","_et_pb_old_content":"","_et_gb_content_width":"","_coblocks_attr":"","_coblocks_dimensions":"","_coblocks_responsive_height":"","_coblocks_accordion_ie_support":"","_joinchat":[],"footnotes":""},"class_list":["post-390","page","type-page","status-publish","hentry"],"_links":{"self":[{"href":"https:\/\/mamatavatravel.com\/en\/wp-json\/wp\/v2\/pages\/390","targetHints":{"allow":["GET"]}}],"collection":[{"href":"https:\/\/mamatavatravel.com\/en\/wp-json\/wp\/v2\/pages"}],"about":[{"href":"https:\/\/mamatavatravel.com\/en\/wp-json\/wp\/v2\/types\/page"}],"author":[{"embeddable":true,"href":"https:\/\/mamatavatravel.com\/en\/wp-json\/wp\/v2\/users\/1"}],"replies":[{"embeddable":true,"href":"https:\/\/mamatavatravel.com\/en\/wp-json\/wp\/v2\/comments?post=390"}],"version-history":[{"count":3,"href":"https:\/\/mamatavatravel.com\/en\/wp-json\/wp\/v2\/pages\/390\/revisions"}],"predecessor-version":[{"id":404,"href":"https:\/\/mamatavatravel.com\/en\/wp-json\/wp\/v2\/pages\/390\/revisions\/404"}],"wp:attachment":[{"href":"https:\/\/mamatavatravel.com\/en\/wp-json\/wp\/v2\/media?parent=390"}],"curies":[{"name":"wp","href":"https:\/\/api.w.org\/{rel}","templated":true}]}}